{"id":2,"date":"2024-11-27T10:16:18","date_gmt":"2024-11-27T10:16:18","guid":{"rendered":"https:\/\/julien-lamien.fr\/?page_id=2"},"modified":"2026-05-07T11:24:39","modified_gmt":"2026-05-07T11:24:39","slug":"sample-page","status":"publish","type":"page","link":"https:\/\/julien-lamien.fr\/?page_id=2","title":{"rendered":"Stages"},"content":{"rendered":"\n<p>Durant le BTS, 2 stages ont \u00e9t\u00e9 pr\u00e9vue pour nous apprendre la vie en entreprises, d\u00e9velopper nos comp\u00e9tences. <\/p>\n\n\n\n<p>Cela a pour but de nous pr\u00e9parer au m\u00e9tier de que d\u00e9veloppeur, ayant redoubler j&rsquo;ai donc eu le privil\u00e8ge d&rsquo;en avoir un troisi\u00e8me :<\/p>\n\n\n\n<figure class=\"wp-block-table\"><table class=\"has-fixed-layout\" style=\"border-width:2px\"><tbody><tr><td><\/td><td>entreprises d\u00e9march\u00e9<\/td><td>entreprise choisi<\/td><\/tr><tr><td>stage 1\u00e8re ann\u00e9e 2026<\/td><td><\/td><td><\/td><\/tr><tr><td>stage 2\u00e8me ann\u00e9e 2027<\/td><td><\/td><td><\/td><\/tr><\/tbody><\/table><\/figure>\n\n\n\n<p><\/p>\n","protected":false},"excerpt":{"rendered":"<p>Durant le BTS, 2 stages ont \u00e9t\u00e9 pr\u00e9vue pour nous apprendre la vie en entreprises, d\u00e9velopper nos comp\u00e9tences. Cela a pour but de nous pr\u00e9parer au m\u00e9tier de que d\u00e9veloppeur, ayant redoubler j&rsquo;ai donc eu le privil\u00e8ge d&rsquo;en avoir un troisi\u00e8me : entreprises d\u00e9march\u00e9 entreprise choisi stage 1\u00e8re ann\u00e9e 2026 [&hellip;]<\/p>\n","protected":false},"author":1,"featured_media":0,"parent":0,"menu_order":0,"comment_status":"closed","ping_status":"open","template":"","meta":{"saved_in_kubio":false,"footnotes":""},"class_list":["post-2","page","type-page","status-publish","hentry"],"kubio_ai_page_context":{"short_desc":"","purpose":"general"},"_links":{"self":[{"href":"https:\/\/julien-lamien.fr\/index.php?rest_route=\/wp\/v2\/pages\/2","targetHints":{"allow":["GET"]}}],"collection":[{"href":"https:\/\/julien-lamien.fr\/index.php?rest_route=\/wp\/v2\/pages"}],"about":[{"href":"https:\/\/julien-lamien.fr\/index.php?rest_route=\/wp\/v2\/types\/page"}],"author":[{"embeddable":true,"href":"https:\/\/julien-lamien.fr\/index.php?rest_route=\/wp\/v2\/users\/1"}],"replies":[{"embeddable":true,"href":"https:\/\/julien-lamien.fr\/index.php?rest_route=%2Fwp%2Fv2%2Fcomments&post=2"}],"version-history":[{"count":4,"href":"https:\/\/julien-lamien.fr\/index.php?rest_route=\/wp\/v2\/pages\/2\/revisions"}],"predecessor-version":[{"id":269,"href":"https:\/\/julien-lamien.fr\/index.php?rest_route=\/wp\/v2\/pages\/2\/revisions\/269"}],"wp:attachment":[{"href":"https:\/\/julien-lamien.fr\/index.php?rest_route=%2Fwp%2Fv2%2Fmedia&parent=2"}],"curies":[{"name":"wp","href":"https:\/\/api.w.org\/{rel}","templated":true}]}}